{"id":779,"date":"2021-12-27T21:56:35","date_gmt":"2021-12-28T03:56:35","guid":{"rendered":"http:\/\/brm.com.mx\/practice-areas\/"},"modified":"2021-12-27T21:56:37","modified_gmt":"2021-12-28T03:56:37","slug":"practice-areas","status":"publish","type":"page","link":"https:\/\/brm.com.mx\/en\/practice-areas\/","title":{"rendered":"Practice Areas"},"content":{"rendered":"<div id='av_section_1' class='avia-section main_color avia-section-large avia-no-border-styling avia-full-contain avia-bg-style-fixed  avia-builder-el-0  el_before_av_section  avia-builder-el-first    container_wrap fullsize' style='background-repeat: no-repeat; background-image: url(https:\/\/brm.com.mx\/wp-content\/uploads\/2019\/08\/servicios.jpg);background-attachment: fixed; background-position: center left;  '  data-section-bg-repeat='contain'><div class='container' ><main  role=\"main\" itemprop=\"mainContentOfPage\"  class='template-page content  av-content-full alpha units'><div class='post-entry post-entry-type-page post-entry-779'><div class='entry-content-wrapper clearfix'>\n<div class=\"flex_column av_one_third  flex_column_div av-zero-column-padding first  avia-builder-el-1  el_before_av_two_third  avia-builder-el-first  \" style='border-radius:0px; '><\/div><div class=\"flex_column av_two_third  flex_column_div   avia-builder-el-2  el_after_av_one_third  avia-builder-el-last   \" style='background: rgba(255,255,255,0.9); padding:30px; background-color:rgba(255,255,255,0.9); border-radius:0px; '><p><div style='padding-bottom:5px; color:#01151c;' class='av-special-heading av-special-heading-h1 custom-color-heading   avia-builder-el-3  el_before_av_textblock  avia-builder-el-first   '><h1 class='av-special-heading-tag '  itemprop=\"headline\"  >PRACTICE AREAS<\/h1><div class='special-heading-border'><div class='special-heading-inner-border' style='border-color:#01151c'><\/div><\/div><\/div><br \/>\n<section class=\"av_textblock_section \"  itemscope=\"itemscope\" itemtype=\"https:\/\/schema.org\/CreativeWork\" ><div class='avia_textblock  '   itemprop=\"text\" ><p>We advise you in these areas:<\/p>\n<\/div><\/section><br \/>\n<div class='avia-icon-list-container   avia-builder-el-5  el_after_av_textblock  el_before_av_textblock  '><ul class='avia-icon-list avia-icon-list-left av-iconlist-big avia_animate_when_almost_visible avia-iconlist-animate'>\n<li><div  style='color:#02151c; ' class='iconlist_icon  avia-font-flaticon'><span class='iconlist-char ' aria-hidden='true' data-av_icon='\uf100' data-av_iconfont='flaticon'><\/span><\/div><article class=\"article-icon-entry \"  itemscope=\"itemscope\" itemtype=\"https:\/\/schema.org\/CreativeWork\" ><div class='iconlist_content_wrap'><header class=\"entry-content-header\"><h4 class='av_iconlist_title iconlist_title  '  itemprop=\"headline\"  >CONFLICT RESOLUTION<\/h4><\/header><div class='iconlist_content  '  itemprop=\"text\"  ><ul style=\"margin-top:.85em;\">\n<li><strong>Arbitraje:<\/strong> es un mecanismo alternativo de soluci\u00f3n de controversias que inicia por voluntad de las partes y es resuelto por un particular imparcial designado, siendo su resoluci\u00f3n final y obligatoria. Esta opci\u00f3n ofrece rapidez y eficiencia por un costo bajo en comparaci\u00f3n a los de un juzgado.<\/li>\n<\/ul>\n<ul>\n<li><strong>Mediaci\u00f3n:<\/strong> a diferencia del arbitraje y los juicios en tribunales, este mecanismo no obliga a las partes a cumplir con las resoluciones. En la mediaci\u00f3n, un tercero administra el proceso de comunicaci\u00f3n entre las partes para que sea m\u00e1s abierto y amigable, y lleve a la soluci\u00f3n del conflicto.<\/li>\n<\/ul>\n<p>De igual forma, asesoramos y orientamos a nuestros clientes para que, de manera preventiva, implementen medidas para evitar involucrarse en conflictos.<\/p>\n<\/div><\/div><footer class=\"entry-footer\"><\/footer><\/article><div class='iconlist-timeline'><\/div><\/li>\n<li><div  style='color:#02151c; ' class='iconlist_icon  avia-font-flaticon'><span class='iconlist-char ' aria-hidden='true' data-av_icon='\uf101' data-av_iconfont='flaticon'><\/span><\/div><article class=\"article-icon-entry \"  itemscope=\"itemscope\" itemtype=\"https:\/\/schema.org\/CreativeWork\" ><div class='iconlist_content_wrap'><header class=\"entry-content-header\"><h4 class='av_iconlist_title iconlist_title  '  itemprop=\"headline\"  >REAL ESTATE, TOURIST, HOTEL, INDUSTRIAL AND COMMERCIAL DEVELOPMENTS<\/h4><\/header><div class='iconlist_content  '  itemprop=\"text\"  ><p>Legal and personalized advice in developments and projects, from the constitution, preparation and negotiation of constitutive documentation, to compliance with the regulations for its correct operation in accordance with Mexican legislation.<\/p>\n<\/div><\/div><footer class=\"entry-footer\"><\/footer><\/article><div class='iconlist-timeline'><\/div><\/li>\n<li><div  style='color:#02151c; ' class='iconlist_icon  avia-font-flaticon'><span class='iconlist-char ' aria-hidden='true' data-av_icon='\uf102' data-av_iconfont='flaticon'><\/span><\/div><article class=\"article-icon-entry \"  itemscope=\"itemscope\" itemtype=\"https:\/\/schema.org\/CreativeWork\" ><div class='iconlist_content_wrap'><header class=\"entry-content-header\"><h4 class='av_iconlist_title iconlist_title  '  itemprop=\"headline\"  >INFRASTRUCTURE<\/h4><\/header><div class='iconlist_content  '  itemprop=\"text\"  ><p>Legal advice on infrastructure and construction projects, which includes the negotiation and preparation of contracts, management of subsidies applicable to real estate transactions, land use regulations, internal regulations, among others, so that they comply with the regulations established by the legislation.<\/p>\n<\/div><\/div><footer class=\"entry-footer\"><\/footer><\/article><div class='iconlist-timeline'><\/div><\/li>\n<li><div  style='color:#02151c; ' class='iconlist_icon  avia-font-flaticon'><span class='iconlist-char ' aria-hidden='true' data-av_icon='\uf103' data-av_iconfont='flaticon'><\/span><\/div><article class=\"article-icon-entry \"  itemscope=\"itemscope\" itemtype=\"https:\/\/schema.org\/CreativeWork\" ><div class='iconlist_content_wrap'><header class=\"entry-content-header\"><h4 class='av_iconlist_title iconlist_title  '  itemprop=\"headline\"  >Joint Ventures<\/h4><\/header><div class='iconlist_content  '  itemprop=\"text\"  ><p>Temporary strategic association of people or groups of companies, where each of the parties contributes capital, technology, distribution channels, personnel or market knowledge to achieve a specific objective such as the creation of a new business. It is an excellent business alliance to join, strengthen and obtain a win-win relationship.<\/p>\n<\/div><\/div><footer class=\"entry-footer\"><\/footer><\/article><div class='iconlist-timeline'><\/div><\/li>\n<li><div  style='color:#02151c; ' class='iconlist_icon  avia-font-flaticon'><span class='iconlist-char ' aria-hidden='true' data-av_icon='\uf105' data-av_iconfont='flaticon'><\/span><\/div><article class=\"article-icon-entry \"  itemscope=\"itemscope\" itemtype=\"https:\/\/schema.org\/CreativeWork\" ><div class='iconlist_content_wrap'><header class=\"entry-content-header\"><h4 class='av_iconlist_title iconlist_title  '  itemprop=\"headline\"  >CIVIL AND COMMERCIAL LITIGATION<\/h4><\/header><div class='iconlist_content  '  itemprop=\"text\"  ><p>We represent our clients with appropriate negotiation and risk measurement strategies that result in favorable solutions for their legal and economic interests.<\/p>\n<p>Our experience ranges from the breach of civil contracts, provision of services, mortgages, leases and claims for damages, to conflicts between shareholders and legal entities.<\/p>\n<\/div><\/div><footer class=\"entry-footer\"><\/footer><\/article><div class='iconlist-timeline'><\/div><\/li>\n<\/ul><\/div><br \/>\n<section class=\"av_textblock_section \"  itemscope=\"itemscope\" itemtype=\"https:\/\/schema.org\/CreativeWork\" ><div class='avia_textblock  '   itemprop=\"text\" ><blockquote>\n<p><strong>We are a team of bicultural lawyers focused on the attention and resolution of your legal needs in national and international matters<\/strong><\/p>\n<\/blockquote>\n<\/div><\/section><\/p><\/div><\/div><\/div><\/main><!-- close content main element --><\/div><\/div><div id='av_section_2' class='avia-section main_color avia-section-large avia-no-border-styling avia-bg-style-scroll  avia-builder-el-7  el_after_av_section  el_before_av_section    container_wrap fullsize' style='background-color: #02151c;  '  ><div class='container' ><div class='template-page content  av-content-full alpha units'><div class='post-entry post-entry-type-page post-entry-779'><div class='entry-content-wrapper clearfix'>\n<div class='flex_column_table av-equal-height-column-flextable -flextable' ><div class=\"flex_column av_one_half  av-animated-generic pop-up  flex_column_table_cell av-equal-height-column av-align-top av-zero-column-padding first  avia-builder-el-8  el_before_av_one_half  avia-builder-el-first   \" style='border-radius:0px; '><div class='avia-button-wrap avia-button-center  avia-builder-el-9  avia-builder-el-no-sibling  '><a href='https:\/\/brm.com.mx\/por-que-elegirnos2\/'  class='avia-button   avia-icon_select-yes-left-icon avia-color-light avia-size-x-large avia-position-center '   ><span class='avia_button_icon avia_button_icon_left ' aria-hidden='true' data-av_icon='\ue812' data-av_iconfont='entypo-fontello'><\/span><span class='avia_iconbox_title' >WHY CHOOSE US? <\/span><\/a><\/div><\/div><div class='av-flex-placeholder'><\/div><div class=\"flex_column av_one_half  av-animated-generic pop-up  flex_column_table_cell av-equal-height-column av-align-top av-zero-column-padding   avia-builder-el-10  el_after_av_one_half  avia-builder-el-last   \" style='border-radius:0px; '><div class='avia-button-wrap avia-button-center  avia-builder-el-11  avia-builder-el-no-sibling  '><a href='https:\/\/brm.com.mx\/contacto\/'  class='avia-button   avia-icon_select-yes-left-icon avia-color-light avia-size-x-large avia-position-center '   ><span class='avia_button_icon avia_button_icon_left ' aria-hidden='true' data-av_icon='\ue854' data-av_iconfont='entypo-fontello'><\/span><span class='avia_iconbox_title' >CONTACT US<\/span><\/a><\/div><\/div><\/div><!--close column table wrapper. Autoclose: 1 -->\n<\/p>\n<\/div><\/div><\/div><!-- close content main div --><\/div><\/div><div id='av_section_3' class='avia-section main_color avia-section-large avia-no-border-styling avia-full-stretch av-parallax-section av-section-color-overlay-active avia-bg-style-parallax  avia-builder-el-12  el_after_av_section  avia-builder-el-last    container_wrap fullsize' style=' '  data-section-bg-repeat='stretch'><div class='av-parallax' data-avia-parallax-ratio='0.3' ><div class='av-parallax-inner main_color  avia-full-stretch' style = 'background-repeat: no-repeat; background-image: url(https:\/\/brm.com.mx\/wp-content\/uploads\/2019\/08\/fondo_boletin.jpg);background-attachment: scroll; background-position: center center; ' ><\/div><\/div><div class='av-section-color-overlay-wrap'><div class='av-section-color-overlay' style='opacity: 0.5; background-color: #ffffff; '><\/div><div class='container' ><div class='template-page content  av-content-full alpha units'><div class='post-entry post-entry-type-page post-entry-779'><div class='entry-content-wrapper clearfix'>\n<div class='flex_column_table av-equal-height-column-flextable -flextable' ><div class=\"flex_column av_one_half  av-animated-generic bottom-to-top  flex_column_table_cell av-equal-height-column av-align-middle av-zero-column-padding first  avia-builder-el-13  el_before_av_one_half  avia-builder-el-first   \" style='border-radius:0px; '><div style='padding-bottom:10px; color:#01151c;' class='av-special-heading av-special-heading-h4 custom-color-heading blockquote modern-quote  avia-builder-el-14  avia-builder-el-no-sibling   '><h4 class='av-special-heading-tag '  itemprop=\"headline\"  >Sign up to receive our monthly newsletter the best of the Gazette, and the best of the Journal<\/h4><div class='special-heading-border'><div class='special-heading-inner-border' style='border-color:#01151c'><\/div><\/div><\/div><\/div><div class='av-flex-placeholder'><\/div><div class=\"flex_column av_one_half  av-animated-generic bottom-to-top  flex_column_table_cell av-equal-height-column av-align-middle av-zero-column-padding   avia-builder-el-15  el_after_av_one_half  avia-builder-el-last   \" style='border-radius:0px; '><form action=\"https:\/\/brm.com.mx\/en\/practice-areas\/\" method=\"post\"  class=\"avia_ajax_form av-form-labels-hidden   avia-builder-el-16  avia-builder-el-no-sibling   av-custom-form-color av-dark-form \" data-avia-form-id=\"1\" data-avia-redirect=''><fieldset><p class=' first_form  form_element form_fullwidth av-last-visible-form-element' id='element_avia_1_1'> <input name=\"avia_1_1\" class=\"text_input is_email\" type=\"text\" id=\"avia_1_1\" value=\"\"  placeholder='Email*'\/><\/p><p class=\"hidden\"><input type=\"text\" name=\"avia_2_1\" class=\"hidden \" id=\"avia_2_1\" value=\"\" \/><\/p><p class=\"form_element \"><input type=\"hidden\" value=\"1\" name=\"avia_generated_form1\" \/><input type=\"submit\" value=\"Send\" class=\"button\"  data-sending-label=\"Sending\"\/><\/p><\/fieldset><\/form><div id=\"ajaxresponse_1\" class=\"ajaxresponse ajaxresponse_1 hidden\"><\/div><\/div><\/div><!--close column table wrapper. Autoclose: 1 -->\n\n","protected":false},"excerpt":{"rendered":"","protected":false},"author":1,"featured_media":0,"parent":0,"menu_order":0,"comment_status":"closed","ping_status":"closed","template":"","meta":[],"_links":{"self":[{"href":"https:\/\/brm.com.mx\/en\/wp-json\/wp\/v2\/pages\/779"}],"collection":[{"href":"https:\/\/brm.com.mx\/en\/wp-json\/wp\/v2\/pages"}],"about":[{"href":"https:\/\/brm.com.mx\/en\/wp-json\/wp\/v2\/types\/page"}],"author":[{"embeddable":true,"href":"https:\/\/brm.com.mx\/en\/wp-json\/wp\/v2\/users\/1"}],"replies":[{"embeddable":true,"href":"https:\/\/brm.com.mx\/en\/wp-json\/wp\/v2\/comments?post=779"}],"version-history":[{"count":3,"href":"https:\/\/brm.com.mx\/en\/wp-json\/wp\/v2\/pages\/779\/revisions"}],"predecessor-version":[{"id":782,"href":"https:\/\/brm.com.mx\/en\/wp-json\/wp\/v2\/pages\/779\/revisions\/782"}],"wp:attachment":[{"href":"https:\/\/brm.com.mx\/en\/wp-json\/wp\/v2\/media?parent=779"}],"curies":[{"name":"wp","href":"https:\/\/api.w.org\/{rel}","templated":true}]}}