{"id":770,"date":"2021-12-27T21:11:09","date_gmt":"2021-12-28T03:11:09","guid":{"rendered":"http:\/\/brm.com.mx\/about-us\/"},"modified":"2021-12-27T21:13:14","modified_gmt":"2021-12-28T03:13:14","slug":"about-us","status":"publish","type":"page","link":"https:\/\/brm.com.mx\/en\/about-us\/","title":{"rendered":"About Us"},"content":{"rendered":"<div id='historia' class='av-layout-grid-container entry-content-wrapper main_color av-flex-cells     avia-builder-el-0  el_before_av_section  avia-builder-el-first   container_wrap fullsize' style=' '  >\n<div class=\"flex_cell no_margin av_one_third  avia-builder-el-1  el_before_av_cell_two_third  avia-builder-el-first    \" style='height:500px; min-height:500px;background:url(https:\/\/brm.com.mx\/wp-content\/uploads\/2019\/09\/fondo_nos2.jpg) top left no-repeat scroll; vertical-align:middle; padding:30px; '><div class='flex_cell_inner' ><\/div><\/div><div class=\"flex_cell no_margin av_two_third  avia-builder-el-2  el_after_av_cell_one_third  avia-builder-el-last    \" style='height:500px; min-height:500px;vertical-align:middle; padding:30px 100px 30px 30px ; '><div class='flex_cell_inner' ><p><div style='padding-bottom:10px; color:#cecece;' class='av-special-heading av-special-heading-h1 custom-color-heading   avia-builder-el-3  el_before_av_textblock  avia-builder-el-first   '><h1 class='av-special-heading-tag '  itemprop=\"headline\"  >HISTORY<\/h1><div class='special-heading-border'><div class='special-heading-inner-border' style='border-color:#cecece'><\/div><\/div><\/div><br \/>\n<section class=\"av_textblock_section \"  itemscope=\"itemscope\" itemtype=\"https:\/\/schema.org\/CreativeWork\" ><div class='avia_textblock  '   itemprop=\"text\" ><p>Rodr\u00edguez M\u00e1rquez Law Firm, S.C. was founded in 1986, at the initiative of Jos\u00e9 Antonio Rodr\u00edguez M\u00e1rquez, <strong>1\u00b0 Chartered Arbitrator de Am\u00e9rica Latina<\/strong>, 1st Chartered Arbitrator of Latin America, in response to the needs of medium and large companies, national and international, providing specialized legal advice and guaranteeing the confidentiality and trust placed by our clients.<\/p>\n<p>Since our beginning we have focused on corporate law, however, the needs of clients have gradually and successfully led us in the corporate, real estate, infrastructure, as well as arbitration and mediation areas, thus consolidating a deep experience in the development of successful legal solutions for a wide range of needs.<\/p>\n<p>This is how the Rodr\u00edguez M\u00e1rquez, S.C. grow its operations with great success, its main business strength being the recommendation of its own clients.<\/p>\n<\/div><\/section><\/p>\n<\/div><\/div>\n<\/div>\n<div id='socios' class='avia-section main_color avia-section-default avia-no-border-styling avia-bg-style-scroll  avia-builder-el-5  el_after_av_layout_row  el_before_av_section    container_wrap fullsize' style='background-color: #02151c;  '  ><div class='container' ><div class='template-page content  av-content-full alpha units'><div class='post-entry post-entry-type-page post-entry-770'><div class='entry-content-wrapper clearfix'>\n<div style='padding-bottom:10px; color:#add05e;' class='av-special-heading av-special-heading-h2 custom-color-heading blockquote modern-quote modern-centered  avia-builder-el-6  el_before_av_textblock  avia-builder-el-first   '><h2 class='av-special-heading-tag '  itemprop=\"headline\"  >Our Partners<\/h2><div class='special-heading-border'><div class='special-heading-inner-border' style='border-color:#add05e'><\/div><\/div><\/div>\n<section class=\"av_textblock_section \"  itemscope=\"itemscope\" itemtype=\"https:\/\/schema.org\/CreativeWork\" ><div class='avia_textblock  av_inherit_color '  style='font-size:18px; color:#ffffff; '  itemprop=\"text\" ><p style=\"text-align: center;\">At our firm, we guarantee that the legal solutions provided to our clients are developed by bilingual lawyers and highly trained experts in the area.<\/p>\n<\/div><\/section>\n<div style='height:50px' class='hr hr-invisible   avia-builder-el-8  el_after_av_textblock  el_before_av_one_full  '><span class='hr-inner ' ><span class='hr-inner-style'><\/span><\/span><\/div>\n<div class='flex_column_table av-equal-height-column-flextable -flextable' style='margin-top:0px; margin-bottom:0px; '><div class=\"flex_column av_one_full  av-animated-generic pop-up  flex_column_table_cell av-equal-height-column av-align-top av-zero-column-padding first  avia-builder-el-9  el_after_av_hr  el_before_av_hr   \" style='border-radius:0px; '><p><div style='padding-bottom:10px; color:#ffffff;font-size:22px;' class='av-special-heading av-special-heading-h3 custom-color-heading blockquote modern-quote modern-centered  avia-builder-el-10  el_before_av_hr  avia-builder-el-first   av-inherit-size '><h3 class='av-special-heading-tag '  itemprop=\"headline\"  >Jos\u00e9 Antonio Rodr\u00edguez M\u00e1rquez<\/h3><div class='special-heading-border'><div class='special-heading-inner-border' style='border-color:#ffffff'><\/div><\/div><\/div><br \/>\n<div style=' margin-top:10px; margin-bottom:10px;'  class='hr hr-custom hr-center hr-icon-no   avia-builder-el-11  el_after_av_heading  el_before_av_textblock  '><span class='hr-inner   inner-border-av-border-thin' style=' width:100%; border-color:#add05e;' ><span class='hr-inner-style'><\/span><\/span><\/div><br \/>\n<section class=\"av_textblock_section \"  itemscope=\"itemscope\" itemtype=\"https:\/\/schema.org\/CreativeWork\" ><div class='avia_textblock  av_inherit_color '  style='color:#ffffff; '  itemprop=\"text\" ><p>Director and founder of Bufete Rodr\u00edguez M\u00e1rquez, S.C. Bilingual lawyer, graduated from UNAM with Honorable Mention and Gabino Barreda Medal, with postgraduate studies in the United States, and author of more than 12 tax and legal publications.<\/p>\n<p><strong>1st Chartered Arbitrator of Latin America<\/strong>,, recognition granted by <strong><em>\u201c<\/em><\/strong><strong><em>The Chartered Institute of Arbitrators\u201d<\/em><\/strong> in London, England. M\u00e1rquez is a reference in the arbitration area, being a successful mediator in multicultural international disputes in matters: commercial, corporate, infrastructure and energy.<\/p>\n<p>His extensive experience accredits him as an expert lawyer in corporate, real estate, tourism, commercial, infrastructure, private financing, mergers and acquisitions.<\/p>\n<p>In addition, in the academic field, he has been a professor at recognized universities in Mexico, among which stand out, the Autonomous University of Mexico, the Free School of Law, the University for Graduate Studies in Law and the Technological Institute of Monterrey.<\/p>\n<p><strong> <\/strong><\/p>\n<\/div><\/section><br \/>\n<div style=' margin-top:10px; margin-bottom:10px;'  class='hr hr-custom hr-center hr-icon-no   avia-builder-el-13  el_after_av_textblock  avia-builder-el-last  '><span class='hr-inner   inner-border-av-border-thin' style=' width:100%; border-color:#add05e;' ><span class='hr-inner-style'><\/span><\/span><\/div><\/p><\/div><\/div><!--close column table wrapper. Autoclose: 1 --><div style='height:50px' class='hr hr-invisible   avia-builder-el-14  el_after_av_one_full  avia-builder-el-last  '><span class='hr-inner ' ><span class='hr-inner-style'><\/span><\/span><\/div>\n\n<\/div><\/div><\/div><!-- close content main div --><\/div><\/div><div id='asociados' class='avia-section main_color avia-section-default avia-no-border-styling avia-bg-style-scroll  avia-builder-el-15  el_after_av_section  el_before_av_section    container_wrap fullsize' style='background-color: #02151c;  '  ><div class='container' ><div class='template-page content  av-content-full alpha units'><div class='post-entry post-entry-type-page post-entry-770'><div class='entry-content-wrapper clearfix'>\n<section class=\"av_textblock_section \"  itemscope=\"itemscope\" itemtype=\"https:\/\/schema.org\/CreativeWork\" ><div class='avia_textblock  '   itemprop=\"text\" ><blockquote>\n<p><strong>Our fundamental value is the constant training of the team to offer the best legal advice in a personalized, preventive and strategic way.<\/strong><\/p>\n<\/blockquote>\n<\/div><\/section>\n<section class=\"av_textblock_section \"  itemscope=\"itemscope\" itemtype=\"https:\/\/schema.org\/CreativeWork\" ><div class='avia_textblock  av_inherit_color '  style='font-size:18px; color:#ffffff; '  itemprop=\"text\" ><p style=\"text-align: center;\"><em><strong>Bilingual lawyers to execute successful legal solutions<\/strong><\/em><\/p>\n<\/div><\/section>\n<\/div><\/div><\/div><!-- close content main div --><\/div><\/div><div id='av_section_3' class='avia-section main_color avia-section-large avia-no-border-styling avia-bg-style-scroll  avia-builder-el-18  el_after_av_section  el_before_av_section    container_wrap fullsize' style='background-color: #1a2128;  '  ><div class='container' ><div class='template-page content  av-content-full alpha units'><div class='post-entry post-entry-type-page post-entry-770'><div class='entry-content-wrapper clearfix'>\n<div class='flex_column_table av-equal-height-column-flextable -flextable' ><div class=\"flex_column av_two_third  av-animated-generic pop-up  flex_column_table_cell av-equal-height-column av-align-top av-zero-column-padding first  avia-builder-el-19  el_before_av_one_third  avia-builder-el-first   \" style='border-radius:0px; '><section class=\"av_textblock_section \"  itemscope=\"itemscope\" itemtype=\"https:\/\/schema.org\/CreativeWork\" ><div class='avia_textblock  av_inherit_color '  style='font-size:18px; color:#ffffff; '  itemprop=\"text\" ><p>Are you a lawyer and are you interested in an alliance with the Rodr\u00edguez M\u00e1rquez Law Firm?<\/p>\n<\/div><\/section><\/div><div class='av-flex-placeholder'><\/div><div class=\"flex_column av_one_third  av-animated-generic pop-up  flex_column_table_cell av-equal-height-column av-align-top av-zero-column-padding   avia-builder-el-21  el_after_av_two_third  avia-builder-el-last   \" style='border-radius:0px; '><div class='avia-button-wrap avia-button-left  avia-builder-el-22  avia-builder-el-no-sibling  '><a href='https:\/\/brm.com.mx\/en\/about-us\/'  class='avia-button   avia-icon_select-yes-left-icon avia-color-light avia-size-x-large avia-position-left '   ><span class='avia_button_icon avia_button_icon_left ' aria-hidden='true' data-av_icon='\ue80c' data-av_iconfont='entypo-fontello'><\/span><span class='avia_iconbox_title' >JOIN US<\/span><\/a><\/div><\/div><\/div><!--close column table wrapper. Autoclose: 1 --><\/div><\/div><\/div><!-- close content main div --><\/div><\/div><div id='av_section_4' class='avia-section main_color avia-section-large avia-no-border-styling avia-full-stretch av-parallax-section av-section-color-overlay-active avia-bg-style-parallax  avia-builder-el-23  el_after_av_section  el_before_av_layout_row    container_wrap fullsize' style=' '  data-section-bg-repeat='stretch'><div class='av-parallax' data-avia-parallax-ratio='0.3' ><div class='av-parallax-inner main_color  avia-full-stretch' style = 'background-repeat: no-repeat; background-image: url(https:\/\/brm.com.mx\/wp-content\/uploads\/2019\/08\/fondo_boletin.jpg);background-attachment: scroll; background-position: center center; ' ><\/div><\/div><div class='av-section-color-overlay-wrap'><div class='av-section-color-overlay' style='opacity: 0.5; background-color: #ffffff; '><\/div><div class='container' ><div class='template-page content  av-content-full alpha units'><div class='post-entry post-entry-type-page post-entry-770'><div class='entry-content-wrapper clearfix'>\n<div class='flex_column_table av-equal-height-column-flextable -flextable' ><div class=\"flex_column av_one_half  av-animated-generic bottom-to-top  flex_column_table_cell av-equal-height-column av-align-middle av-zero-column-padding first  avia-builder-el-24  el_before_av_one_half  avia-builder-el-first   \" style='border-radius:0px; '><div style='padding-bottom:10px; color:#01151c;' class='av-special-heading av-special-heading-h4 custom-color-heading blockquote modern-quote  avia-builder-el-25  avia-builder-el-no-sibling   '><h4 class='av-special-heading-tag '  itemprop=\"headline\"  >Sign up to receive our monthly newsletter the best of the Gazette, and the best of the Journal<\/h4><div class='special-heading-border'><div class='special-heading-inner-border' style='border-color:#01151c'><\/div><\/div><\/div><\/div><div class='av-flex-placeholder'><\/div><div class=\"flex_column av_one_half  av-animated-generic bottom-to-top  flex_column_table_cell av-equal-height-column av-align-middle av-zero-column-padding   avia-builder-el-26  el_after_av_one_half  avia-builder-el-last   \" style='border-radius:0px; '><form action=\"https:\/\/brm.com.mx\/en\/about-us\/\" method=\"post\"  class=\"avia_ajax_form av-form-labels-hidden   avia-builder-el-27  avia-builder-el-no-sibling   av-custom-form-color av-dark-form \" data-avia-form-id=\"1\" data-avia-redirect=''><fieldset><p class=' first_form  form_element form_fullwidth av-last-visible-form-element' id='element_avia_1_1'> <input name=\"avia_1_1\" class=\"text_input is_email\" type=\"text\" id=\"avia_1_1\" value=\"\"  placeholder='Email*'\/><\/p><p class=\"hidden\"><input type=\"text\" name=\"avia_2_1\" class=\"hidden \" id=\"avia_2_1\" value=\"\" \/><\/p><p class=\"form_element \"><input type=\"hidden\" value=\"1\" name=\"avia_generated_form1\" \/><input type=\"submit\" value=\"Send\" class=\"button\"  data-sending-label=\"Sending\"\/><\/p><\/fieldset><\/form><div id=\"ajaxresponse_1\" class=\"ajaxresponse ajaxresponse_1 hidden\"><\/div><\/div><\/div><!--close column table wrapper. Autoclose: 1 --><\/div><\/div><\/div><!-- close content main div --><\/div><\/div><\/div><div id='av-layout-grid-2' class='av-layout-grid-container entry-content-wrapper main_color av-flex-cells     avia-builder-el-28  el_after_av_section  avia-builder-el-last  submenu-not-first container_wrap fullsize' style=' '  >\n<div class=\"flex_cell no_margin av_one_half  avia-builder-el-29  el_before_av_cell_one_half  avia-builder-el-first   \" ><div class='flex_cell_inner' ><\/div><\/div> <div class=\"flex_cell no_margin av_one_half  avia-builder-el-30  el_after_av_cell_one_half  avia-builder-el-last   \" ><div class='flex_cell_inner' ><\/div><\/div>\n<\/div><\/p>\n","protected":false},"excerpt":{"rendered":"","protected":false},"author":1,"featured_media":0,"parent":0,"menu_order":0,"comment_status":"closed","ping_status":"closed","template":"","meta":[],"_links":{"self":[{"href":"https:\/\/brm.com.mx\/en\/wp-json\/wp\/v2\/pages\/770"}],"collection":[{"href":"https:\/\/brm.com.mx\/en\/wp-json\/wp\/v2\/pages"}],"about":[{"href":"https:\/\/brm.com.mx\/en\/wp-json\/wp\/v2\/types\/page"}],"author":[{"embeddable":true,"href":"https:\/\/brm.com.mx\/en\/wp-json\/wp\/v2\/users\/1"}],"replies":[{"embeddable":true,"href":"https:\/\/brm.com.mx\/en\/wp-json\/wp\/v2\/comments?post=770"}],"version-history":[{"count":3,"href":"https:\/\/brm.com.mx\/en\/wp-json\/wp\/v2\/pages\/770\/revisions"}],"predecessor-version":[{"id":774,"href":"https:\/\/brm.com.mx\/en\/wp-json\/wp\/v2\/pages\/770\/revisions\/774"}],"wp:attachment":[{"href":"https:\/\/brm.com.mx\/en\/wp-json\/wp\/v2\/media?parent=770"}],"curies":[{"name":"wp","href":"https:\/\/api.w.org\/{rel}","templated":true}]}}