{"id":755,"date":"2021-12-27T20:47:46","date_gmt":"2021-12-28T02:47:46","guid":{"rendered":"http:\/\/brm.com.mx\/home\/"},"modified":"2022-01-14T12:28:43","modified_gmt":"2022-01-14T18:28:43","slug":"home","status":"publish","type":"page","link":"https:\/\/brm.com.mx\/en\/","title":{"rendered":"Home"},"content":{"rendered":"<div id='layer_slider_1' class='avia-layerslider main_color avia-shadow  avia-builder-el-0  el_before_av_section  avia-builder-el-first  container_wrap fullsize' style='  height: 1336px;' ><\/div>\n<div id='inicioquienes' class='avia-section main_color avia-section-large avia-no-border-styling avia-bg-style-scroll  avia-builder-el-1  el_after_av_layerslider  el_before_av_section    container_wrap fullsize' style='background-color: #01151c;  '  ><div class='container' ><div class='template-page content  av-content-full alpha units'><div class='post-entry post-entry-type-page post-entry-755'><div class='entry-content-wrapper clearfix'>\n<div class='flex_column_table av-equal-height-column-flextable -flextable' ><div class=\"flex_column av_one_third  av-animated-generic bottom-to-top  flex_column_table_cell av-equal-height-column av-align-middle av-zero-column-padding first  avia-builder-el-2  el_before_av_two_third  avia-builder-el-first   \" style='border-radius:0px; '><p><div class='avia-image-container  av-styling-    avia-builder-el-3  el_before_av_hr  avia-builder-el-first   avia-align-center '  itemprop=\"image\" itemscope=\"itemscope\" itemtype=\"https:\/\/schema.org\/ImageObject\"  ><div class='avia-image-container-inner'><div class='avia-image-overlay-wrap'><img class='avia_image' src='https:\/\/brm.com.mx\/wp-content\/uploads\/2021\/12\/about-us.png' alt='' title='about us' height=\"87\" width=\"301\"  itemprop=\"thumbnailUrl\"  \/><\/div><\/div><\/div><br \/>\n<div style=' margin-top:5px; margin-bottom:5px;'  class='hr hr-custom hr-center hr-icon-no   avia-builder-el-4  el_after_av_image  el_before_av_textblock  '><span class='hr-inner   inner-border-av-border-thin' style=' width:100%; border-color:#acd373;' ><span class='hr-inner-style'><\/span><\/span><\/div><br \/>\n<section class=\"av_textblock_section \"  itemscope=\"itemscope\" itemtype=\"https:\/\/schema.org\/CreativeWork\" ><div class='avia_textblock  av_inherit_color '  style='font-size:12px; color:#ffffff; '  itemprop=\"text\" ><p>We will tell you a little about the history of BRM, what we are passionate about and we will introduce you to our great team.<\/p>\n<\/div><\/section><\/p><\/div><div class='av-flex-placeholder'><\/div><div class=\"flex_column av_two_third  av-animated-generic bottom-to-top  flex_column_table_cell av-equal-height-column av-align-middle av-zero-column-padding   avia-builder-el-6  el_after_av_one_third  avia-builder-el-last   \" style='border-radius:0px; '><p><section class=\"av_textblock_section \"  itemscope=\"itemscope\" itemtype=\"https:\/\/schema.org\/CreativeWork\" ><div class='avia_textblock  av_inherit_color '  style='color:#ffffff; '  itemprop=\"text\" ><p>Rodr\u00edguez M\u00e1rquez Law Firm, S.C. was founded in 1986, at the initiative of <span style=\"color: #99cc00;\">Jos\u00e9 Antonio Rodr\u00edguez M\u00e1rquez<\/span>, <strong>1\u00b0 Chartered Arbitrator de Am\u00e9rica Latina<\/strong>, 1st Chartered Arbitrator of Latin America, in response to the needs of medium and large companies, national and international, providing specialized legal advice and guaranteeing the confidentiality and trust placed by our clients.<\/p>\n<\/div><\/section><br \/>\n<div class='avia-button-wrap avia-button-right  avia-builder-el-8  el_after_av_textblock  avia-builder-el-last  '><a href='https:\/\/brm.com.mx\/quienes-somos\/'  class='avia-button   avia-icon_select-yes-left-icon avia-color-custom avia-size-large avia-position-right '  style='background-color:#01151c; border-color:#01151c; color:#acd373; ' ><span class='avia_button_icon avia_button_icon_left ' aria-hidden='true' data-av_icon='\ue89d' data-av_iconfont='entypo-fontello'><\/span><span class='avia_iconbox_title' >About us <\/span><\/a><\/div><\/p><\/div><\/div><!--close column table wrapper. Autoclose: 1 -->\n\n<\/div><\/div><\/div><!-- close content main div --><\/div><\/div><div id='av_section_2' class='avia-section main_color avia-section-large avia-no-border-styling avia-full-stretch av-section-color-overlay-active avia-bg-style-fixed  avia-builder-el-9  el_after_av_section  avia-builder-el-last    container_wrap fullsize' style='background-repeat: no-repeat; background-image: url(https:\/\/brm.com.mx\/wp-content\/uploads\/2019\/08\/fondo_boletin.jpg);background-attachment: fixed; background-position: center center;  '  data-section-bg-repeat='stretch'><div class='av-section-color-overlay-wrap'><div class='av-section-color-overlay' style='opacity: 0.5; background-color: #ffffff; '><\/div><div class='container' ><div class='template-page content  av-content-full alpha units'><div class='post-entry post-entry-type-page post-entry-755'><div class='entry-content-wrapper clearfix'>\n<div class='flex_column_table av-equal-height-column-flextable -flextable' ><div class=\"flex_column av_one_half  flex_column_table_cell av-equal-height-column av-align-middle av-zero-column-padding first  avia-builder-el-10  el_before_av_one_half  avia-builder-el-first   \" style='border-radius:0px; '><div style='padding-bottom:10px; color:#01151c;' class='av-special-heading av-special-heading-h4 custom-color-heading blockquote modern-quote  avia-builder-el-11  avia-builder-el-no-sibling   '><h4 class='av-special-heading-tag '  itemprop=\"headline\"  >Sign up to receive our monthly newsletter the best of the Gazette, and the best of the Journal <\/h4><div class='special-heading-border'><div class='special-heading-inner-border' style='border-color:#01151c'><\/div><\/div><\/div><\/div><div class='av-flex-placeholder'><\/div><div class=\"flex_column av_one_half  flex_column_table_cell av-equal-height-column av-align-middle av-zero-column-padding   avia-builder-el-12  el_after_av_one_half  avia-builder-el-last   \" style='border-radius:0px; '><form action=\"https:\/\/brm.com.mx\/en\/\" method=\"post\"  class=\"avia_ajax_form av-form-labels-hidden   avia-builder-el-13  avia-builder-el-no-sibling   av-custom-form-color av-dark-form \" data-avia-form-id=\"1\" data-avia-redirect=''><fieldset><p class=' first_form  form_element form_fullwidth av-last-visible-form-element' id='element_avia_1_1'> <input name=\"avia_1_1\" class=\"text_input is_email\" type=\"text\" id=\"avia_1_1\" value=\"\"  placeholder='Email*'\/><\/p><p class=\"hidden\"><input type=\"text\" name=\"avia_2_1\" class=\"hidden \" id=\"avia_2_1\" value=\"\" \/><\/p><p class=\"form_element \"><input type=\"hidden\" value=\"1\" name=\"avia_generated_form1\" \/><input type=\"submit\" value=\"Send\" class=\"button\"  data-sending-label=\"Sending\"\/><\/p><\/fieldset><\/form><div id=\"ajaxresponse_1\" class=\"ajaxresponse ajaxresponse_1 hidden\"><\/div><\/div><\/div><!--close column table wrapper. Autoclose: 1 -->\n\n","protected":false},"excerpt":{"rendered":"","protected":false},"author":1,"featured_media":0,"parent":0,"menu_order":0,"comment_status":"closed","ping_status":"closed","template":"","meta":[],"_links":{"self":[{"href":"https:\/\/brm.com.mx\/en\/wp-json\/wp\/v2\/pages\/755"}],"collection":[{"href":"https:\/\/brm.com.mx\/en\/wp-json\/wp\/v2\/pages"}],"about":[{"href":"https:\/\/brm.com.mx\/en\/wp-json\/wp\/v2\/types\/page"}],"author":[{"embeddable":true,"href":"https:\/\/brm.com.mx\/en\/wp-json\/wp\/v2\/users\/1"}],"replies":[{"embeddable":true,"href":"https:\/\/brm.com.mx\/en\/wp-json\/wp\/v2\/comments?post=755"}],"version-history":[{"count":9,"href":"https:\/\/brm.com.mx\/en\/wp-json\/wp\/v2\/pages\/755\/revisions"}],"predecessor-version":[{"id":839,"href":"https:\/\/brm.com.mx\/en\/wp-json\/wp\/v2\/pages\/755\/revisions\/839"}],"wp:attachment":[{"href":"https:\/\/brm.com.mx\/en\/wp-json\/wp\/v2\/media?parent=755"}],"curies":[{"name":"wp","href":"https:\/\/api.w.org\/{rel}","templated":true}]}}